{"id":17228956,"date":"2024-11-03T00:12:47","date_gmt":"2024-11-02T23:12:47","guid":{"rendered":"https:\/\/wheego.dev-fairrank.de\/?page_id=17228956"},"modified":"2024-11-06T13:24:49","modified_gmt":"2024-11-06T12:24:49","slug":"impressum","status":"publish","type":"page","link":"https:\/\/www.wheego-mobility.com\/de\/impressum\/","title":{"rendered":"Impressum"},"content":{"rendered":"<p>[et_pb_section fb_built=&#8220;1&#8243; _builder_version=&#8220;4.27.0&#8243; _module_preset=&#8220;default&#8220; use_background_color_gradient=&#8220;on&#8220; background_color_gradient_stops=&#8220;rgba(0,0,0,0) 54%|rgba(0,0,0,0.8) 100%&#8220; background_color_gradient_overlays_image=&#8220;on&#8220; background_image=&#8220;https:\/\/www.wheego-mobility.com\/wp-content\/uploads\/2024\/07\/asian-family-vacation-holiday-happy-family-running-beach-sunsetxachildren-are-running-their-parents-carsholiday-travel-family-concept-summer-vacations.jpg&#8220; height=&#8220;35em&#8220; height_tablet=&#8220;25em&#8220; height_phone=&#8220;25em&#8220; height_last_edited=&#8220;on|phone&#8220; box_shadow_style=&#8220;preset3&#8243; global_colors_info=&#8220;{%22gcid-549d0e8d-94a5-4918-8022-9de26d23ec48%22:%91%22background_color_gradient_stops%22%93}&#8220; custom_css_main_element_last_edited=&#8220;off|desktop&#8220; custom_css_main_element_tablet=&#8220;height: 50vh;&#8220; custom_css_main_element_phone=&#8220;height: calc(100vh &#8211; 68px);&#8220;][et_pb_row _builder_version=&#8220;4.27.0&#8243; _module_preset=&#8220;default&#8220; positioning=&#8220;absolute&#8220; position_origin_a=&#8220;bottom_center&#8220; width=&#8220;90%&#8220; max_width=&#8220;1400px&#8220; global_colors_info=&#8220;{}&#8220;][et_pb_column type=&#8220;4_4&#8243; _builder_version=&#8220;4.26.1&#8243; _module_preset=&#8220;default&#8220; global_colors_info=&#8220;{}&#8220;][et_pb_text content_last_edited=&#8220;off|desktop&#8220; _builder_version=&#8220;4.27.0&#8243; _module_preset=&#8220;default&#8220; text_font=&#8220;|700|||||||&#8220; text_text_color=&#8220;#FFFFFF&#8220; text_font_size=&#8220;40px&#8220; text_line_height=&#8220;1.2em&#8220; text_orientation=&#8220;center&#8220; custom_margin=&#8220;||0.5em||false|false&#8220; custom_padding=&#8220;||||false|false&#8220; hover_enabled=&#8220;0&#8243; text_font_size_tablet=&#8220;30px&#8220; text_font_size_phone=&#8220;22px&#8220; text_font_size_last_edited=&#8220;on|phone&#8220; global_colors_info=&#8220;{}&#8220; sticky_enabled=&#8220;0&#8243;][\/et_pb_text][\/et_pb_column][\/et_pb_row][\/et_pb_section][et_pb_section fb_built=&#8220;1&#8243; custom_padding_last_edited=&#8220;off|desktop&#8220; _builder_version=&#8220;4.27.0&#8243; _module_preset=&#8220;default&#8220; custom_padding=&#8220;2em||||false|false&#8220; custom_padding_tablet=&#8220;||||false|false&#8220; global_colors_info=&#8220;{}&#8220;][et_pb_row _builder_version=&#8220;4.27.0&#8243; _module_preset=&#8220;default&#8220; width=&#8220;90%&#8220; max_width=&#8220;1400px&#8220; custom_padding=&#8220;||0px||false|false&#8220; global_colors_info=&#8220;{}&#8220;][et_pb_column type=&#8220;4_4&#8243; _builder_version=&#8220;4.26.1&#8243; _module_preset=&#8220;default&#8220; global_colors_info=&#8220;{}&#8220;][et_pb_text _builder_version=&#8220;4.27.0&#8243; _module_preset=&#8220;default&#8220; text_text_color=&#8220;#000000&#8243; text_line_height=&#8220;1.2em&#8220; header_font=&#8220;|700|||||||&#8220; header_text_align=&#8220;center&#8220; header_text_color=&#8220;gcid-primary-color&#8220; header_font_size=&#8220;35px&#8220; header_2_font=&#8220;||||||||&#8220; header_2_text_align=&#8220;center&#8220; header_2_text_color=&#8220;gcid-primary-color&#8220; header_2_font_size=&#8220;35px&#8220; header_2_line_height=&#8220;1.2em&#8220; header_3_font=&#8220;|700||on|||||&#8220; header_3_text_color=&#8220;gcid-primary-color&#8220; header_3_line_height=&#8220;1.2em&#8220; custom_margin=&#8220;||0.5em||false|false&#8220; hover_enabled=&#8220;0&#8243; header_font_size_tablet=&#8220;30px&#8220; header_font_size_phone=&#8220;25px&#8220; header_font_size_last_edited=&#8220;on|phone&#8220; header_2_font_size_tablet=&#8220;25px&#8220; header_2_font_size_phone=&#8220;20px&#8220; header_2_font_size_last_edited=&#8220;on|desktop&#8220; header_3_font_size_tablet=&#8220;20px&#8220; header_3_font_size_phone=&#8220;18px&#8220; header_3_font_size_last_edited=&#8220;on|phone&#8220; global_colors_info=&#8220;{%22gcid-primary-color%22:%91%22header_text_color%22,%22header_2_text_color%22,%22header_3_text_color%22%93}&#8220; sticky_enabled=&#8220;0&#8243;]<\/p>\n<h1>Impressum<\/h1>\n<p>[\/et_pb_text][\/et_pb_column][\/et_pb_row][et_pb_row _builder_version=&#8220;4.27.0&#8243; _module_preset=&#8220;default&#8220; width=&#8220;90%&#8220; max_width=&#8220;1400px&#8220; custom_padding=&#8220;||0px||false|false&#8220; global_colors_info=&#8220;{}&#8220;][et_pb_column type=&#8220;4_4&#8243; _builder_version=&#8220;4.26.1&#8243; _module_preset=&#8220;default&#8220; global_colors_info=&#8220;{}&#8220;][et_pb_text _builder_version=&#8220;4.27.0&#8243; _module_preset=&#8220;default&#8220; text_text_color=&#8220;#000000&#8243; text_line_height=&#8220;1.4em&#8220; header_font=&#8220;|700|||||||&#8220; header_text_align=&#8220;center&#8220; header_text_color=&#8220;gcid-primary-color&#8220; header_font_size=&#8220;40px&#8220; header_2_font=&#8220;||||||||&#8220; header_2_text_align=&#8220;center&#8220; header_2_text_color=&#8220;gcid-primary-color&#8220; header_2_font_size=&#8220;35px&#8220; header_2_line_height=&#8220;1.2em&#8220; header_3_font=&#8220;|700||on|||||&#8220; header_3_text_color=&#8220;gcid-primary-color&#8220; header_3_line_height=&#8220;1.2em&#8220; custom_margin=&#8220;||0.5em||false|false&#8220; hover_enabled=&#8220;0&#8243; header_font_size_tablet=&#8220;30px&#8220; header_font_size_phone=&#8220;25px&#8220; header_font_size_last_edited=&#8220;on|phone&#8220; header_2_font_size_tablet=&#8220;25px&#8220; header_2_font_size_phone=&#8220;20px&#8220; header_2_font_size_last_edited=&#8220;on|desktop&#8220; header_3_font_size_tablet=&#8220;20px&#8220; header_3_font_size_phone=&#8220;18px&#8220; header_3_font_size_last_edited=&#8220;on|phone&#8220; global_colors_info=&#8220;{%22gcid-primary-color%22:%91%22header_text_color%22,%22header_2_text_color%22,%22header_3_text_color%22%93}&#8220; sticky_enabled=&#8220;0&#8243;]<\/p>\n<h2 style=\"text-align: left;\"><strong>Hinweis<\/strong><\/h2>\n<p>wheego ist eine registrierte Marke der share-tec GmbH<\/p>\n<h2 style=\"text-align: left;\"><strong>Impressum<\/strong><\/h2>\n<p>share-tec GmbH, Theodor-Heuss-Str. 71-73, D-47167 Duisburg<br \/>\nHandelsregister: HRB 34129<br \/>\nRegistergericht: Duisburg<br \/>\nUmsatzsteuer-Ident-Nr: DE 343 69 1689  <\/p>\n<h2 style=\"text-align: left;\"><strong>Gesch\u00e4ftsf\u00fchrer<\/strong><\/h2>\n<p>Hubert M. Terstappen<\/p>\n<h2 style=\"text-align: left;\"><strong>Kontakt<\/strong><\/h2>\n<p>Telefon: 0203 &#8211; 57077777<br \/>\nE-Mail:  info@wheego-mobility.com<\/p>\n<h2 style=\"text-align: left;\"><strong>Verantwortlich f\u00fcr den Inhalt nach \u00a7 55 Abs. 2 RStV<\/strong><\/h2>\n<p>Hubert M. Terstappen<\/p>\n<h2 style=\"text-align: left;\"><strong>EU-Streitschlichtung<br \/>\n <\/strong><\/h2>\n<p>Die Europ\u00e4ische Kommission stellt eine Plattform zur Online-Streitbeilegung (OS) bereit:<br \/>\nhttps:\/\/ec.europa.eu\/consumers\/odr.<\/p>\n<p>Unsere E-Mail-Adresse finden Sie oben im Impressum. Verbraucherstreitbeilegung\/Universalschlichtungsstelle Wir sind nicht bereit oder verpflichtet, an Streitbeilegungsverfahren vor eine Verbraucherschlichtungsstelle teilzunehmen.<\/p>\n<p>Als Diensteanbieter sind wir gem\u00e4\u00df \u00a7 7 Abs.1 TMG f\u00fcr eigene Inhalte auf diesen Seiten nach den 2 \/ 4 allgemeinen Gesetzen verantwortlich. Nach \u00a7\u00a7 8 bis 10 TMG sind wir als Diensteanbieter jedoch nicht verpflichtet, \u00fcbermittelte oder gespeicherte fremde Informationen zu \u00fcberwachen oder nach Umst\u00e4nden zu forschen, die auf eine rechtswidrige T\u00e4tigkeit hinweisen. Verpflichtungen zur Entfernung oder Sperrung der Nutzung von Informationen nach den allgemeinen Gesetzen bleiben hiervon unber\u00fchrt. Eine diesbez\u00fcgliche Haftung ist jedoch erst ab dem Zeitpunkt der Kenntnis einer konkreten Rechtsverletzung m\u00f6glich. Bei Bekanntwerden von entsprechenden Rechtsverletzungen werden wir diese Inhalte umgehend entfernen.<\/p>\n<h2 style=\"text-align: left;\"><strong><\/strong><\/h2>\n<h2 style=\"text-align: left;\"><strong>Haftung f\u00fcr Links<\/strong><\/h2>\n<p>Unser Angebot enth\u00e4lt Links zu externen Websites Dritter, auf deren Inhalte wir keinen Einfluss haben. Deshalb k\u00f6nnen wir f\u00fcr diese fremden Inhalte auch keine Gew\u00e4hr \u00fcbernehmen. F\u00fcr die Inhalte der verlinkten Seiten ist stets der jeweilige Anbieter oder Betreiber der Seiten verantwortlich. Die verlinkten Seiten wurden zum Zeitpunkt der Verlinkung auf m\u00f6gliche Rechtsverst\u00f6\u00dfe \u00fcberpr\u00fcft. Rechtswidrige Inhalte waren zum Zeitpunkt der Verlinkung nicht erkennbar. Eine permanente inhaltliche Kontrolle der verlinkten Seiten ist jedoch ohne konkrete Anhaltspunkte einer Rechtsverletzung nicht zumutbar. Bei Bekanntwerden von Rechtsverletzungen werden wir derartige Links umgehend entfernen.<\/p>\n<h2 style=\"text-align: left;\"><strong>Urheberrecht<br \/>\n <\/strong><\/h2>\n<p>Die durch die Seitenbetreiber erstellten Inhalte und Werke auf diesen Seiten unterliegen dem deutschen Urheberrecht. Die Vervielf\u00e4ltigung, Bearbeitung, Verbreitung und jede Art der Verwertung au\u00dferhalb der Grenzen des Urheberrechtes bed\u00fcrfen der schriftlichen Zustimmung des jeweiligen Autors bzw. Erstellers. Downloads und Kopien dieser Seite sind nur f\u00fcr den privaten, nicht kommerziellen Gebrauch gestattet. Soweit die Inhalte auf dieser Seite nicht vom Betreiber erstellt wurden, werden die Urheberrechte Dritter beachtet. Insbesondere werden Inhalte Dritter als solche gekennzeichnet. Sollten Sie trotzdem auf eine Urheberrechtsverletzung aufmerksam werden, bitten wir um einen entsprechenden Hinweis. Bei Bekanntwerden von Rechtsverletzungen werden wir derartige Inhalte umgehend entfernen.<\/p>\n<p>Quelle:<br \/>\nhttps:\/\/www.e-recht24.de\/impressum-generator.html  [\/et_pb_text][\/et_pb_column][\/et_pb_row][\/et_pb_section]<\/p>\n","protected":false},"excerpt":{"rendered":"<p>ImpressumHinweis wheego ist eine registrierte Marke der share-tec GmbH Impressum share-tec GmbH, Theodor-Heuss-Str. 71-73, D-47167 Duisburg Handelsregister: HRB 34129 Registergericht: Duisburg Umsatzsteuer-Ident-Nr: DE 343 69 1689 Gesch\u00e4ftsf\u00fchrer Hubert M. Terstappen Kontakt Telefon: 0203 &#8211; 57077777 E-Mail: info@wheego-mobility.com Verantwortlich f\u00fcr den Inhalt nach \u00a7 55 Abs. 2 RStV Hubert M. Terstappen EU-Streitschlichtung Die Europ\u00e4ische Kommission stellt [&hellip;]<\/p>\n","protected":false},"author":1,"featured_media":0,"parent":0,"menu_order":0,"comment_status":"closed","ping_status":"closed","template":"","meta":{"_acf_changed":false,"_et_pb_use_builder":"on","_et_pb_old_content":"","_et_gb_content_width":"","footnotes":""},"dipi_cpt_category":[],"class_list":["post-17228956","page","type-page","status-publish","hentry"],"acf":[],"yoast_head":"<!-- This site is optimized with the Yoast SEO plugin v27.4 - https:\/\/yoast.com\/product\/yoast-seo-wordpress\/ -->\n<title>Impressum | wheego<\/title>\n<meta name=\"description\" content=\"Unser Impressum - Alles auf einem Blick\" \/>\n<meta name=\"robots\" content=\"index, follow, max-snippet:-1, max-image-preview:large, max-video-preview:-1\" \/>\n<link rel=\"canonical\" href=\"https:\/\/www.wheego-mobility.com\/de\/impressum\/\" \/>\n<meta property=\"og:locale\" content=\"de_DE\" \/>\n<meta property=\"og:type\" content=\"article\" \/>\n<meta property=\"og:title\" content=\"Impressum | wheego\" \/>\n<meta property=\"og:description\" content=\"Unser Impressum - Alles auf einem Blick\" \/>\n<meta property=\"og:url\" content=\"https:\/\/www.wheego-mobility.com\/de\/impressum\/\" \/>\n<meta property=\"og:site_name\" content=\"wheego\" \/>\n<meta property=\"article:modified_time\" content=\"2024-11-06T12:24:49+00:00\" \/>\n<meta name=\"twitter:card\" content=\"summary_large_image\" \/>\n<meta name=\"twitter:label1\" content=\"Gesch\u00e4tzte Lesezeit\" \/>\n\t<meta name=\"twitter:data1\" content=\"3\u00a0Minuten\" \/>\n<script type=\"application\/ld+json\" class=\"yoast-schema-graph\">{\"@context\":\"https:\\\/\\\/schema.org\",\"@graph\":[{\"@type\":\"WebPage\",\"@id\":\"https:\\\/\\\/www.wheego-mobility.com\\\/de\\\/impressum\\\/\",\"url\":\"https:\\\/\\\/www.wheego-mobility.com\\\/de\\\/impressum\\\/\",\"name\":\"Impressum | wheego\",\"isPartOf\":{\"@id\":\"https:\\\/\\\/www.wheego-mobility.com\\\/de\\\/#website\"},\"datePublished\":\"2024-11-02T23:12:47+00:00\",\"dateModified\":\"2024-11-06T12:24:49+00:00\",\"description\":\"Unser Impressum - Alles auf einem Blick\",\"breadcrumb\":{\"@id\":\"https:\\\/\\\/www.wheego-mobility.com\\\/de\\\/impressum\\\/#breadcrumb\"},\"inLanguage\":\"de\",\"potentialAction\":[{\"@type\":\"ReadAction\",\"target\":[\"https:\\\/\\\/www.wheego-mobility.com\\\/de\\\/impressum\\\/\"]}]},{\"@type\":\"BreadcrumbList\",\"@id\":\"https:\\\/\\\/www.wheego-mobility.com\\\/de\\\/impressum\\\/#breadcrumb\",\"itemListElement\":[{\"@type\":\"ListItem\",\"position\":1,\"name\":\"Startseite\",\"item\":\"https:\\\/\\\/www.wheego-mobility.com\\\/de\\\/\"},{\"@type\":\"ListItem\",\"position\":2,\"name\":\"Impressum\"}]},{\"@type\":\"WebSite\",\"@id\":\"https:\\\/\\\/www.wheego-mobility.com\\\/de\\\/#website\",\"url\":\"https:\\\/\\\/www.wheego-mobility.com\\\/de\\\/\",\"name\":\"wheego\",\"description\":\"\",\"publisher\":{\"@id\":\"https:\\\/\\\/www.wheego-mobility.com\\\/de\\\/#organization\"},\"potentialAction\":[{\"@type\":\"SearchAction\",\"target\":{\"@type\":\"EntryPoint\",\"urlTemplate\":\"https:\\\/\\\/www.wheego-mobility.com\\\/de\\\/?s={search_term_string}\"},\"query-input\":{\"@type\":\"PropertyValueSpecification\",\"valueRequired\":true,\"valueName\":\"search_term_string\"}}],\"inLanguage\":\"de\"},{\"@type\":\"Organization\",\"@id\":\"https:\\\/\\\/www.wheego-mobility.com\\\/de\\\/#organization\",\"name\":\"wheego\",\"url\":\"https:\\\/\\\/www.wheego-mobility.com\\\/de\\\/\",\"logo\":{\"@type\":\"ImageObject\",\"inLanguage\":\"de\",\"@id\":\"https:\\\/\\\/www.wheego-mobility.com\\\/de\\\/#\\\/schema\\\/logo\\\/image\\\/\",\"url\":\"https:\\\/\\\/www.wheego-mobility.com\\\/wp-content\\\/uploads\\\/2024\\\/07\\\/wheego_Logo_gelb.svg\",\"contentUrl\":\"https:\\\/\\\/www.wheego-mobility.com\\\/wp-content\\\/uploads\\\/2024\\\/07\\\/wheego_Logo_gelb.svg\",\"width\":1,\"height\":1,\"caption\":\"wheego\"},\"image\":{\"@id\":\"https:\\\/\\\/www.wheego-mobility.com\\\/de\\\/#\\\/schema\\\/logo\\\/image\\\/\"}}]}<\/script>\n<!-- \/ Yoast SEO plugin. -->","yoast_head_json":{"title":"Impressum | wheego","description":"Unser Impressum - Alles auf einem Blick","robots":{"index":"index","follow":"follow","max-snippet":"max-snippet:-1","max-image-preview":"max-image-preview:large","max-video-preview":"max-video-preview:-1"},"canonical":"https:\/\/www.wheego-mobility.com\/de\/impressum\/","og_locale":"de_DE","og_type":"article","og_title":"Impressum | wheego","og_description":"Unser Impressum - Alles auf einem Blick","og_url":"https:\/\/www.wheego-mobility.com\/de\/impressum\/","og_site_name":"wheego","article_modified_time":"2024-11-06T12:24:49+00:00","twitter_card":"summary_large_image","twitter_misc":{"Gesch\u00e4tzte Lesezeit":"3\u00a0Minuten"},"schema":{"@context":"https:\/\/schema.org","@graph":[{"@type":"WebPage","@id":"https:\/\/www.wheego-mobility.com\/de\/impressum\/","url":"https:\/\/www.wheego-mobility.com\/de\/impressum\/","name":"Impressum | wheego","isPartOf":{"@id":"https:\/\/www.wheego-mobility.com\/de\/#website"},"datePublished":"2024-11-02T23:12:47+00:00","dateModified":"2024-11-06T12:24:49+00:00","description":"Unser Impressum - Alles auf einem Blick","breadcrumb":{"@id":"https:\/\/www.wheego-mobility.com\/de\/impressum\/#breadcrumb"},"inLanguage":"de","potentialAction":[{"@type":"ReadAction","target":["https:\/\/www.wheego-mobility.com\/de\/impressum\/"]}]},{"@type":"BreadcrumbList","@id":"https:\/\/www.wheego-mobility.com\/de\/impressum\/#breadcrumb","itemListElement":[{"@type":"ListItem","position":1,"name":"Startseite","item":"https:\/\/www.wheego-mobility.com\/de\/"},{"@type":"ListItem","position":2,"name":"Impressum"}]},{"@type":"WebSite","@id":"https:\/\/www.wheego-mobility.com\/de\/#website","url":"https:\/\/www.wheego-mobility.com\/de\/","name":"wheego","description":"","publisher":{"@id":"https:\/\/www.wheego-mobility.com\/de\/#organization"},"potentialAction":[{"@type":"SearchAction","target":{"@type":"EntryPoint","urlTemplate":"https:\/\/www.wheego-mobility.com\/de\/?s={search_term_string}"},"query-input":{"@type":"PropertyValueSpecification","valueRequired":true,"valueName":"search_term_string"}}],"inLanguage":"de"},{"@type":"Organization","@id":"https:\/\/www.wheego-mobility.com\/de\/#organization","name":"wheego","url":"https:\/\/www.wheego-mobility.com\/de\/","logo":{"@type":"ImageObject","inLanguage":"de","@id":"https:\/\/www.wheego-mobility.com\/de\/#\/schema\/logo\/image\/","url":"https:\/\/www.wheego-mobility.com\/wp-content\/uploads\/2024\/07\/wheego_Logo_gelb.svg","contentUrl":"https:\/\/www.wheego-mobility.com\/wp-content\/uploads\/2024\/07\/wheego_Logo_gelb.svg","width":1,"height":1,"caption":"wheego"},"image":{"@id":"https:\/\/www.wheego-mobility.com\/de\/#\/schema\/logo\/image\/"}}]}},"_links":{"self":[{"href":"https:\/\/www.wheego-mobility.com\/de\/wp-json\/wp\/v2\/pages\/17228956","targetHints":{"allow":["GET"]}}],"collection":[{"href":"https:\/\/www.wheego-mobility.com\/de\/wp-json\/wp\/v2\/pages"}],"about":[{"href":"https:\/\/www.wheego-mobility.com\/de\/wp-json\/wp\/v2\/types\/page"}],"author":[{"embeddable":true,"href":"https:\/\/www.wheego-mobility.com\/de\/wp-json\/wp\/v2\/users\/1"}],"replies":[{"embeddable":true,"href":"https:\/\/www.wheego-mobility.com\/de\/wp-json\/wp\/v2\/comments?post=17228956"}],"version-history":[{"count":0,"href":"https:\/\/www.wheego-mobility.com\/de\/wp-json\/wp\/v2\/pages\/17228956\/revisions"}],"wp:attachment":[{"href":"https:\/\/www.wheego-mobility.com\/de\/wp-json\/wp\/v2\/media?parent=17228956"}],"wp:term":[{"taxonomy":"dipi_cpt_category","embeddable":true,"href":"https:\/\/www.wheego-mobility.com\/de\/wp-json\/wp\/v2\/dipi_cpt_category?post=17228956"}],"curies":[{"name":"wp","href":"https:\/\/api.w.org\/{rel}","templated":true}]}}