{"id":25559105,"date":"2025-03-24T20:50:06","date_gmt":"2025-03-24T19:50:06","guid":{"rendered":"https:\/\/www.wheego-mobility.com\/?page_id=25559105"},"modified":"2025-03-24T21:50:18","modified_gmt":"2025-03-24T20:50:18","slug":"contact-success","status":"publish","type":"page","link":"https:\/\/www.wheego-mobility.com\/de\/contact-success\/","title":{"rendered":"Kontaktanfrage Feedback"},"content":{"rendered":"<p>[et_pb_section fb_built=&#8220;1&#8243; _builder_version=&#8220;4.27.4&#8243; _module_preset=&#8220;default&#8220; global_colors_info=&#8220;{}&#8220;][et_pb_row _builder_version=&#8220;4.27.4&#8243; _module_preset=&#8220;default&#8220; global_colors_info=&#8220;{}&#8220;][et_pb_column type=&#8220;4_4&#8243; _builder_version=&#8220;4.27.4&#8243; _module_preset=&#8220;default&#8220; global_colors_info=&#8220;{}&#8220;][et_pb_icon font_icon=&#8220;&#xe106;||divi||400&#8243; _builder_version=&#8220;4.27.4&#8243; _module_preset=&#8220;default&#8220; global_colors_info=&#8220;{}&#8220;][\/et_pb_icon][et_pb_text _builder_version=&#8220;4.27.4&#8243; _module_preset=&#8220;default&#8220; text_text_color=&#8220;#FFFFFF&#8220; text_font_size=&#8220;20px&#8220; background_color=&#8220;gcid-primary-color&#8220; max_width=&#8220;30rem&#8220; module_alignment=&#8220;center&#8220; custom_padding=&#8220;12px|22px|12px|22px|true|true&#8220; border_radii=&#8220;on|12px|12px|12px|12px&#8220; global_colors_info=&#8220;{%22gcid-primary-color%22:%91%22background_color%22%93}&#8220;]<\/p>\n<p>Vielen Dank f\u00fcr deine Kontaktanfrage, wir haben deine Nachricht erhalten. Unser Team wird sich in K\u00fcrze mit dir in Verbindung setzen und sich um dein Anliegen k\u00fcmmern<\/p>\n<p>[\/et_pb_text][\/et_pb_column][\/et_pb_row][\/et_pb_section]<\/p>\n","protected":false},"excerpt":{"rendered":"<p>Vielen Dank f\u00fcr deine Kontaktanfrage, wir haben deine Nachricht erhalten. Unser Team wird sich in K\u00fcrze mit dir in Verbindung setzen und sich um dein Anliegen k\u00fcmmern<\/p>\n","protected":false},"author":8,"featured_media":0,"parent":0,"menu_order":0,"comment_status":"closed","ping_status":"closed","template":"","meta":{"_acf_changed":false,"_et_pb_use_builder":"on","_et_pb_old_content":"","_et_gb_content_width":"","footnotes":""},"dipi_cpt_category":[],"class_list":["post-25559105","page","type-page","status-publish","hentry"],"acf":[],"yoast_head":"<!-- This site is optimized with the Yoast SEO plugin v27.3 - https:\/\/yoast.com\/product\/yoast-seo-wordpress\/ -->\n<title>Kontaktanfrage Feedback - wheego<\/title>\n<meta name=\"robots\" content=\"noindex, nofollow\" \/>\n<meta property=\"og:locale\" content=\"de_DE\" \/>\n<meta property=\"og:type\" content=\"article\" \/>\n<meta property=\"og:title\" content=\"Kontaktanfrage Feedback - wheego\" \/>\n<meta property=\"og:description\" content=\"Vielen Dank f\u00fcr deine Kontaktanfrage, wir haben deine Nachricht erhalten. Unser Team wird sich in K\u00fcrze mit dir in Verbindung setzen und sich um dein Anliegen k\u00fcmmern\" \/>\n<meta property=\"og:url\" content=\"https:\/\/www.wheego-mobility.com\/de\/contact-success\/\" \/>\n<meta property=\"og:site_name\" content=\"wheego\" \/>\n<meta property=\"article:modified_time\" content=\"2025-03-24T20:50:18+00:00\" \/>\n<meta name=\"twitter:card\" content=\"summary_large_image\" \/>\n<meta name=\"twitter:label1\" content=\"Gesch\u00e4tzte Lesezeit\" \/>\n\t<meta name=\"twitter:data1\" content=\"1\u00a0Minute\" \/>\n<script type=\"application\/ld+json\" class=\"yoast-schema-graph\">{\"@context\":\"https:\\\/\\\/schema.org\",\"@graph\":[{\"@type\":\"WebPage\",\"@id\":\"https:\\\/\\\/www.wheego-mobility.com\\\/de\\\/contact-success\\\/\",\"url\":\"https:\\\/\\\/www.wheego-mobility.com\\\/de\\\/contact-success\\\/\",\"name\":\"Kontaktanfrage Feedback - wheego\",\"isPartOf\":{\"@id\":\"https:\\\/\\\/www.wheego-mobility.com\\\/de\\\/#website\"},\"datePublished\":\"2025-03-24T19:50:06+00:00\",\"dateModified\":\"2025-03-24T20:50:18+00:00\",\"breadcrumb\":{\"@id\":\"https:\\\/\\\/www.wheego-mobility.com\\\/de\\\/contact-success\\\/#breadcrumb\"},\"inLanguage\":\"de\",\"potentialAction\":[{\"@type\":\"ReadAction\",\"target\":[\"https:\\\/\\\/www.wheego-mobility.com\\\/de\\\/contact-success\\\/\"]}]},{\"@type\":\"BreadcrumbList\",\"@id\":\"https:\\\/\\\/www.wheego-mobility.com\\\/de\\\/contact-success\\\/#breadcrumb\",\"itemListElement\":[{\"@type\":\"ListItem\",\"position\":1,\"name\":\"Startseite\",\"item\":\"https:\\\/\\\/www.wheego-mobility.com\\\/de\\\/\"},{\"@type\":\"ListItem\",\"position\":2,\"name\":\"Kontaktanfrage Feedback\"}]},{\"@type\":\"WebSite\",\"@id\":\"https:\\\/\\\/www.wheego-mobility.com\\\/de\\\/#website\",\"url\":\"https:\\\/\\\/www.wheego-mobility.com\\\/de\\\/\",\"name\":\"wheego\",\"description\":\"\",\"publisher\":{\"@id\":\"https:\\\/\\\/www.wheego-mobility.com\\\/de\\\/#organization\"},\"potentialAction\":[{\"@type\":\"SearchAction\",\"target\":{\"@type\":\"EntryPoint\",\"urlTemplate\":\"https:\\\/\\\/www.wheego-mobility.com\\\/de\\\/?s={search_term_string}\"},\"query-input\":{\"@type\":\"PropertyValueSpecification\",\"valueRequired\":true,\"valueName\":\"search_term_string\"}}],\"inLanguage\":\"de\"},{\"@type\":\"Organization\",\"@id\":\"https:\\\/\\\/www.wheego-mobility.com\\\/de\\\/#organization\",\"name\":\"wheego\",\"url\":\"https:\\\/\\\/www.wheego-mobility.com\\\/de\\\/\",\"logo\":{\"@type\":\"ImageObject\",\"inLanguage\":\"de\",\"@id\":\"https:\\\/\\\/www.wheego-mobility.com\\\/de\\\/#\\\/schema\\\/logo\\\/image\\\/\",\"url\":\"https:\\\/\\\/www.wheego-mobility.com\\\/wp-content\\\/uploads\\\/2024\\\/07\\\/wheego_Logo_gelb.svg\",\"contentUrl\":\"https:\\\/\\\/www.wheego-mobility.com\\\/wp-content\\\/uploads\\\/2024\\\/07\\\/wheego_Logo_gelb.svg\",\"width\":1,\"height\":1,\"caption\":\"wheego\"},\"image\":{\"@id\":\"https:\\\/\\\/www.wheego-mobility.com\\\/de\\\/#\\\/schema\\\/logo\\\/image\\\/\"}}]}<\/script>\n<!-- \/ Yoast SEO plugin. -->","yoast_head_json":{"title":"Kontaktanfrage Feedback - wheego","robots":{"index":"noindex","follow":"nofollow"},"og_locale":"de_DE","og_type":"article","og_title":"Kontaktanfrage Feedback - wheego","og_description":"Vielen Dank f\u00fcr deine Kontaktanfrage, wir haben deine Nachricht erhalten. Unser Team wird sich in K\u00fcrze mit dir in Verbindung setzen und sich um dein Anliegen k\u00fcmmern","og_url":"https:\/\/www.wheego-mobility.com\/de\/contact-success\/","og_site_name":"wheego","article_modified_time":"2025-03-24T20:50:18+00:00","twitter_card":"summary_large_image","twitter_misc":{"Gesch\u00e4tzte Lesezeit":"1\u00a0Minute"},"schema":{"@context":"https:\/\/schema.org","@graph":[{"@type":"WebPage","@id":"https:\/\/www.wheego-mobility.com\/de\/contact-success\/","url":"https:\/\/www.wheego-mobility.com\/de\/contact-success\/","name":"Kontaktanfrage Feedback - wheego","isPartOf":{"@id":"https:\/\/www.wheego-mobility.com\/de\/#website"},"datePublished":"2025-03-24T19:50:06+00:00","dateModified":"2025-03-24T20:50:18+00:00","breadcrumb":{"@id":"https:\/\/www.wheego-mobility.com\/de\/contact-success\/#breadcrumb"},"inLanguage":"de","potentialAction":[{"@type":"ReadAction","target":["https:\/\/www.wheego-mobility.com\/de\/contact-success\/"]}]},{"@type":"BreadcrumbList","@id":"https:\/\/www.wheego-mobility.com\/de\/contact-success\/#breadcrumb","itemListElement":[{"@type":"ListItem","position":1,"name":"Startseite","item":"https:\/\/www.wheego-mobility.com\/de\/"},{"@type":"ListItem","position":2,"name":"Kontaktanfrage Feedback"}]},{"@type":"WebSite","@id":"https:\/\/www.wheego-mobility.com\/de\/#website","url":"https:\/\/www.wheego-mobility.com\/de\/","name":"wheego","description":"","publisher":{"@id":"https:\/\/www.wheego-mobility.com\/de\/#organization"},"potentialAction":[{"@type":"SearchAction","target":{"@type":"EntryPoint","urlTemplate":"https:\/\/www.wheego-mobility.com\/de\/?s={search_term_string}"},"query-input":{"@type":"PropertyValueSpecification","valueRequired":true,"valueName":"search_term_string"}}],"inLanguage":"de"},{"@type":"Organization","@id":"https:\/\/www.wheego-mobility.com\/de\/#organization","name":"wheego","url":"https:\/\/www.wheego-mobility.com\/de\/","logo":{"@type":"ImageObject","inLanguage":"de","@id":"https:\/\/www.wheego-mobility.com\/de\/#\/schema\/logo\/image\/","url":"https:\/\/www.wheego-mobility.com\/wp-content\/uploads\/2024\/07\/wheego_Logo_gelb.svg","contentUrl":"https:\/\/www.wheego-mobility.com\/wp-content\/uploads\/2024\/07\/wheego_Logo_gelb.svg","width":1,"height":1,"caption":"wheego"},"image":{"@id":"https:\/\/www.wheego-mobility.com\/de\/#\/schema\/logo\/image\/"}}]}},"_links":{"self":[{"href":"https:\/\/www.wheego-mobility.com\/de\/wp-json\/wp\/v2\/pages\/25559105","targetHints":{"allow":["GET"]}}],"collection":[{"href":"https:\/\/www.wheego-mobility.com\/de\/wp-json\/wp\/v2\/pages"}],"about":[{"href":"https:\/\/www.wheego-mobility.com\/de\/wp-json\/wp\/v2\/types\/page"}],"author":[{"embeddable":true,"href":"https:\/\/www.wheego-mobility.com\/de\/wp-json\/wp\/v2\/users\/8"}],"replies":[{"embeddable":true,"href":"https:\/\/www.wheego-mobility.com\/de\/wp-json\/wp\/v2\/comments?post=25559105"}],"version-history":[{"count":3,"href":"https:\/\/www.wheego-mobility.com\/de\/wp-json\/wp\/v2\/pages\/25559105\/revisions"}],"predecessor-version":[{"id":25559118,"href":"https:\/\/www.wheego-mobility.com\/de\/wp-json\/wp\/v2\/pages\/25559105\/revisions\/25559118"}],"wp:attachment":[{"href":"https:\/\/www.wheego-mobility.com\/de\/wp-json\/wp\/v2\/media?parent=25559105"}],"wp:term":[{"taxonomy":"dipi_cpt_category","embeddable":true,"href":"https:\/\/www.wheego-mobility.com\/de\/wp-json\/wp\/v2\/dipi_cpt_category?post=25559105"}],"curies":[{"name":"wp","href":"https:\/\/api.w.org\/{rel}","templated":true}]}}